{"id":48,"date":"2023-03-25T01:43:00","date_gmt":"2023-03-25T04:43:00","guid":{"rendered":"https:\/\/uccuyo.com.ar\/ism\/?page_id=48"},"modified":"2025-05-23T14:31:11","modified_gmt":"2025-05-23T17:31:11","slug":"historia-institucional","status":"publish","type":"page","link":"https:\/\/sanluisrey.uccuyo.com.ar\/es-ar\/index.php\/historia-institucional\/","title":{"rendered":"Ideario Institucional"},"content":{"rendered":"<p>[et_pb_section fb_built=\u00bb1&#8243; _builder_version=\u00bb4.17.3&#8243; _module_preset=\u00bbdefault\u00bb custom_padding=\u00bb||0px||false|false\u00bb global_colors_info=\u00bb{}\u00bb][et_pb_row column_structure=\u00bb1_2,1_2&#8243; _builder_version=\u00bb4.20.4&#8243; _module_preset=\u00bbdefault\u00bb width=\u00bb100%\u00bb width_tablet=\u00bb100%\u00bb width_phone=\u00bb80%\u00bb width_last_edited=\u00bbon|phone\u00bb max_width=\u00bb1101.6px\u00bb max_width_tablet=\u00bb1101.6px\u00bb max_width_phone=\u00bb1101.6px\u00bb max_width_last_edited=\u00bbon|phone\u00bb custom_padding=\u00bb||35px||false|false\u00bb border_width_bottom=\u00bb0.5px\u00bb border_color_bottom=\u00bb#6f6f6e\u00bb global_colors_info=\u00bb{}\u00bb][et_pb_column type=\u00bb1_2&#8243; _builder_version=\u00bb4.17.3&#8243; _module_preset=\u00bbdefault\u00bb global_colors_info=\u00bb{}\u00bb][et_pb_text _builder_version=\u00bb4.20.4&#8243; _module_preset=\u00bbdefault\u00bb text_font=\u00bbDriod Serif Bold||||||||\u00bb text_text_color=\u00bb#1A2354&#8243; text_font_size=\u00bb20px\u00bb text_line_height=\u00bb1.2em\u00bb custom_padding=\u00bb||||false|false\u00bb global_colors_info=\u00bb{}\u00bb]<\/p>\n<p>IDEARIO INSTITUCIONAL<\/p>\n<p>[\/et_pb_text][et_pb_text disabled_on=\u00bbon|off|off\u00bb _builder_version=\u00bb4.20.4&#8243; _module_preset=\u00bbdefault\u00bb text_font=\u00bbDriod Serif Italic||||||||\u00bb text_text_color=\u00bb#6f6f6e\u00bb text_font_size=\u00bb14.8px\u00bb text_line_height=\u00bb1.5em\u00bb text_orientation=\u00bbjustified\u00bb width=\u00bb95%\u00bb width_tablet=\u00bb95%\u00bb width_phone=\u00bbauto\u00bb width_last_edited=\u00bbon|phone\u00bb module_alignment=\u00bbleft\u00bb module_alignment_tablet=\u00bbleft\u00bb module_alignment_phone=\u00bbleft\u00bb module_alignment_last_edited=\u00bbon|phone\u00bb global_colors_info=\u00bb{}\u00bb]<\/p>\n<p>Nuestra misi\u00f3n es formar ni\u00f1os, adolescentes y j\u00f3venes para que desarrollen su vida inspirada en la perfecci\u00f3n ense\u00f1ada por Cristo, aspirando siempre a metas m\u00e1s elevadas. Queremos que sean virtuosos, vivan en oraci\u00f3n y encuentren fortaleza en la Cruz y la Madre de Dios. Si fallan, deben arrepentirse y reparar sus faltas. Es fundamental que participen en la vida sacramental y valoren la Santa Misa, adem\u00e1s de profundizar en la doctrina cat\u00f3lica, pues solo se ama lo que se conoce.<br \/>Siguiendo el ejemplo de la Virgen y San Luis Rey, deben proteger la Iglesia y la Fe, amar su Patria\u00a0 y\u00a0 fortalecer\u00a0 la\u00a0 familia,\u00a0 siendo\u00a0 ejemplo\u00a0<\/p>\n<p>[\/et_pb_text][et_pb_text disabled_on=\u00bboff|on|on\u00bb _builder_version=\u00bb4.20.4&#8243; _module_preset=\u00bbdefault\u00bb text_font=\u00bbDriod Serif Italic||||||||\u00bb text_text_color=\u00bb#6f6f6e\u00bb text_font_size=\u00bb14.8px\u00bb text_line_height=\u00bb1.5em\u00bb text_orientation=\u00bbjustified\u00bb width=\u00bb95%\u00bb width_tablet=\u00bb95%\u00bb width_phone=\u00bbauto\u00bb width_last_edited=\u00bbon|phone\u00bb module_alignment=\u00bbleft\u00bb module_alignment_tablet=\u00bbleft\u00bb module_alignment_phone=\u00bbleft\u00bb module_alignment_last_edited=\u00bbon|phone\u00bb global_colors_info=\u00bb{}\u00bb]Nuestra misi\u00f3n es formar ni\u00f1os, adolescentes y j\u00f3venes para que desarrollen su vida inspirada en la perfecci\u00f3n ense\u00f1ada por Cristo, aspirando siempre a metas m\u00e1s elevadas. Queremos que sean virtuosos, vivan en oraci\u00f3n y encuentren fortaleza en la Cruz y la Madre de Dios. Si fallan, deben arrepentirse y reparar sus faltas. Es fundamental que participen en la vida sacramental y valoren la Santa Misa, adem\u00e1s de profundizar en la doctrina cat\u00f3lica, pues solo se ama lo que se conoce.<br \/>\nSiguiendo el ejemplo de la Virgen y San Luis Rey, deben proteger la Iglesia y la Fe, amar su Patria y fortalecer la familia, siendo ejemplo como hijos, madres y padres. Su compromiso debe reflejarse en el cumplimiento de sus deberes, el respeto al pr\u00f3jimo y la fidelidad a su palabra. Han de ser generosos, proteger a los m\u00e1s vulnerables y luchar siempre por el bien y la verdad.<br \/>\nEl amor a Dios debe impulsarlos a entregarse por la salvaci\u00f3n de las almas. Por ello, buscamos que posean una formaci\u00f3n intelectual s\u00f3lida, que armonice la religi\u00f3n con los conocimientos cient\u00edficos y tecnol\u00f3gicos, emple\u00e1ndolos responsablemente para el bienestar de la humanidad.[\/et_pb_text][\/et_pb_column][et_pb_column type=\u00bb1_2&#8243; _builder_version=\u00bb4.17.3&#8243; _module_preset=\u00bbdefault\u00bb global_colors_info=\u00bb{}\u00bb][et_pb_text disabled_on=\u00bbon|off|off\u00bb _builder_version=\u00bb4.20.4&#8243; _module_preset=\u00bbdefault\u00bb text_font=\u00bbDriod Serif Italic||||||||\u00bb text_text_color=\u00bb#6f6f6e\u00bb text_font_size=\u00bb14.8px\u00bb text_line_height=\u00bb1.55em\u00bb text_orientation=\u00bbjustified\u00bb width=\u00bb95%\u00bb width_tablet=\u00bb95%\u00bb width_phone=\u00bbauto\u00bb width_last_edited=\u00bbon|phone\u00bb module_alignment=\u00bbright\u00bb custom_margin=\u00bb||||false|false\u00bb custom_padding=\u00bb55px||||false|false\u00bb custom_padding_tablet=\u00bb55px||||false|false\u00bb custom_padding_phone=\u00bb40px||||false|false\u00bb custom_padding_last_edited=\u00bbon|phone\u00bb module_alignment_tablet=\u00bbright\u00bb module_alignment_phone=\u00bbleft\u00bb module_alignment_last_edited=\u00bbon|phone\u00bb global_colors_info=\u00bb{}\u00bb]<\/p>\n<p>como hijos, madres y padres. Su compromiso debe reflejarse en el cumplimiento de sus deberes, el respeto al pr\u00f3jimo y la fidelidad a su palabra. Han de ser generosos, proteger a los m\u00e1s vulnerables y luchar siempre por el bien y la verdad.<br \/>El amor a Dios debe impulsarlos a entregarse por la salvaci\u00f3n de las almas. Por ello, buscamos que posean una formaci\u00f3n intelectual s\u00f3lida, que armonice la religi\u00f3n con los conocimientos cient\u00edficos y tecnol\u00f3gicos, emple\u00e1ndolos responsablemente para el bienestar de la humanidad.<\/p>\n<p>[\/et_pb_text][\/et_pb_column][\/et_pb_row][\/et_pb_section][et_pb_section fb_built=\u00bb1&#8243; disabled_on=\u00bboff|off|off\u00bb _builder_version=\u00bb4.17.3&#8243; _module_preset=\u00bbdefault\u00bb custom_padding=\u00bb||20px||false|false\u00bb global_colors_info=\u00bb{}\u00bb][et_pb_row column_structure=\u00bb1_2,1_2&#8243; _builder_version=\u00bb4.20.4&#8243; _module_preset=\u00bbdefault\u00bb width=\u00bb100%\u00bb width_tablet=\u00bb100%\u00bb width_phone=\u00bb80%\u00bb width_last_edited=\u00bbon|phone\u00bb max_width=\u00bb1101.6px\u00bb custom_padding=\u00bb0px||||false|false\u00bb global_colors_info=\u00bb{}\u00bb][et_pb_column type=\u00bb1_2&#8243; _builder_version=\u00bb4.17.3&#8243; _module_preset=\u00bbdefault\u00bb global_colors_info=\u00bb{}\u00bb][et_pb_text _builder_version=\u00bb4.20.4&#8243; _module_preset=\u00bbdefault\u00bb text_font=\u00bbDroid Serif Clasic||||||||\u00bb text_text_color=\u00bb#1A2354&#8243; text_font_size=\u00bb19.4px\u00bb text_line_height=\u00bb1.2em\u00bb width_tablet=\u00bb\u00bb width_phone=\u00bb\u00bb width_last_edited=\u00bbon|phone\u00bb custom_padding=\u00bb||||false|false\u00bb global_colors_info=\u00bb{}\u00bb]<\/p>\n<p>Valores<\/p>\n<p>[\/et_pb_text][et_pb_text _builder_version=\u00bb4.20.4&#8243; _module_preset=\u00bbdefault\u00bb text_font=\u00bbDroid Serif Classic||||||||\u00bb text_text_color=\u00bbrgba(38,38,38,0.43)\u00bb text_font_size=\u00bb14.4px\u00bb text_orientation=\u00bbjustified\u00bb width=\u00bb95%\u00bb width_tablet=\u00bb93%\u00bb width_phone=\u00bbauto\u00bb width_last_edited=\u00bbon|phone\u00bb module_alignment=\u00bbleft\u00bb hover_enabled=\u00bb0&#8243; module_alignment_tablet=\u00bbleft\u00bb module_alignment_phone=\u00bbleft\u00bb module_alignment_last_edited=\u00bbon|phone\u00bb global_colors_info=\u00bb{}\u00bb sticky_enabled=\u00bb0&#8243;]<\/p>\n<p>Los valores son el pilar fundamental de nuestra cultura organizacional, definiendo la identidad y singularidad de nuestro colegio, adem\u00e1s de fortalecer su presencia en la sociedad. Nos guiamos por el amor a Dios, a la Patria y a la familia,\u00a0 fomentando el compromiso\u00a0 con \u00a0 la\u00a0 verdad,\u00a0 el\u00a0 bien\u00a0 y\u00a0<\/p>\n<p>[\/et_pb_text][\/et_pb_column][et_pb_column type=\u00bb1_2&#8243; _builder_version=\u00bb4.17.3&#8243; _module_preset=\u00bbdefault\u00bb global_colors_info=\u00bb{}\u00bb][et_pb_text _builder_version=\u00bb4.20.4&#8243; _module_preset=\u00bbdefault\u00bb text_font=\u00bbDroid Serif Classic||||||||\u00bb text_text_color=\u00bbrgba(38,38,38,0.43)\u00bb text_orientation=\u00bbjustified\u00bb width=\u00bb95%\u00bb width_tablet=\u00bb92%\u00bb width_phone=\u00bbauto\u00bb width_last_edited=\u00bbon|phone\u00bb module_alignment=\u00bbright\u00bb custom_margin=\u00bb54px||||false|false\u00bb module_alignment_tablet=\u00bbright\u00bb module_alignment_phone=\u00bbright\u00bb module_alignment_last_edited=\u00bbon|phone\u00bb global_colors_info=\u00bb{}\u00bb]<\/p>\n<p>la\u00a0 belleza.\u00a0 Promovemos\u00a0 el\u00a0 respeto\u00a0 por\u00a0 la dignidad de cada persona, buscando formar individuos \u00edntegros que, iluminados por la ense\u00f1anza del Divino Maestro, sean capaces de liderar con principios s\u00f3lidos y una profunda vocaci\u00f3n de servicio.<\/p>\n<p>[\/et_pb_text][\/et_pb_column][\/et_pb_row][\/et_pb_section][et_pb_section fb_built=\u00bb1&#8243; disabled_on=\u00bbon|on|on\u00bb _builder_version=\u00bb4.17.3&#8243; _module_preset=\u00bbdefault\u00bb background_color=\u00bb#a5d3c6&#8243; custom_padding=\u00bb||20px||false|false\u00bb disabled=\u00bbon\u00bb global_colors_info=\u00bb{}\u00bb][et_pb_row column_structure=\u00bb1_2,1_2&#8243; _builder_version=\u00bb4.17.3&#8243; _module_preset=\u00bbdefault\u00bb width=\u00bb100%\u00bb width_tablet=\u00bb100%\u00bb width_phone=\u00bb80%\u00bb width_last_edited=\u00bbon|phone\u00bb max_width=\u00bb1101.6px\u00bb custom_padding=\u00bb0px||||false|false\u00bb global_colors_info=\u00bb{}\u00bb][et_pb_column type=\u00bb1_2&#8243; _builder_version=\u00bb4.17.3&#8243; _module_preset=\u00bbdefault\u00bb global_colors_info=\u00bb{}\u00bb][et_pb_text _builder_version=\u00bb4.17.3&#8243; _module_preset=\u00bbdefault\u00bb text_font=\u00bbDroid Serif Bold Clasic||||||||\u00bb text_text_color=\u00bb#366D5D\u00bb text_font_size=\u00bb20px\u00bb text_line_height=\u00bb1.2em\u00bb width_tablet=\u00bb\u00bb width_phone=\u00bb\u00bb width_last_edited=\u00bbon|phone\u00bb custom_padding=\u00bb||||false|false\u00bb global_colors_info=\u00bb{}\u00bb]Valores institucionales[\/et_pb_text][et_pb_text _builder_version=\u00bb4.17.3&#8243; _module_preset=\u00bbdefault\u00bb text_font=\u00bbDroid Serif iitalic||||||||\u00bb text_text_color=\u00bb#366D5D\u00bb text_font_size=\u00bb16px\u00bb text_orientation=\u00bbjustified\u00bb width=\u00bb93%\u00bb width_tablet=\u00bb93%\u00bb width_phone=\u00bbauto\u00bb width_last_edited=\u00bbon|phone\u00bb module_alignment=\u00bbleft\u00bb module_alignment_tablet=\u00bbleft\u00bb module_alignment_phone=\u00bbleft\u00bb module_alignment_last_edited=\u00bbon|phone\u00bb global_colors_info=\u00bb{}\u00bb]Los valores resumen las convicciones personales, aquello en lo que uno cree y que uno ama. El valor se convierte en fuente motivadora de la vida personal.[\/et_pb_text][et_pb_text _builder_version=\u00bb4.17.3&#8243; _module_preset=\u00bbdefault\u00bb text_font=\u00bbDroid Serif Clasic||||||||\u00bb text_text_color=\u00bb#366D5D\u00bb text_font_size=\u00bb18px\u00bb text_line_height=\u00bb1.2em\u00bb width_tablet=\u00bb\u00bb width_phone=\u00bb\u00bb width_last_edited=\u00bbon|phone\u00bb custom_padding=\u00bb22px||||false|false\u00bb module_alignment_tablet=\u00bb\u00bb module_alignment_phone=\u00bb\u00bb module_alignment_last_edited=\u00bbon|phone\u00bb global_colors_info=\u00bb{}\u00bb]<\/p>\n<p>\u2022 Verdad<\/p>\n<p>[\/et_pb_text][et_pb_text _builder_version=\u00bb4.17.3&#8243; _module_preset=\u00bbdefault\u00bb text_font=\u00bbDroid Serif Clasic||||||||\u00bb text_text_color=\u00bb#366D5D\u00bb text_orientation=\u00bbjustified\u00bb width=\u00bb93%\u00bb width_tablet=\u00bb93%\u00bb width_phone=\u00bbauto\u00bb width_last_edited=\u00bbon|phone\u00bb module_alignment=\u00bbleft\u00bb module_alignment_tablet=\u00bbleft\u00bb module_alignment_phone=\u00bbleft\u00bb module_alignment_last_edited=\u00bbon|phone\u00bb global_colors_info=\u00bb{}\u00bb]Es una revelaci\u00f3n del sentido de la existencia humana, que no se da sin esfuerzo ni pasi\u00f3n. Es misi\u00f3n y meta, apertura y fin; la verdad es objetiva, universal y racional, se extiende sobre todas las cosas, habita en el interior del hombre y alcanza el misterio.[\/et_pb_text][et_pb_text _builder_version=\u00bb4.17.3&#8243; _module_preset=\u00bbdefault\u00bb text_font=\u00bbDroid Serif Clasic||||||||\u00bb text_text_color=\u00bb#366D5D\u00bb text_font_size=\u00bb18px\u00bb text_line_height=\u00bb1.2em\u00bb width_tablet=\u00bb\u00bb width_phone=\u00bb\u00bb width_last_edited=\u00bbon|phone\u00bb custom_padding=\u00bb||||false|false\u00bb module_alignment_tablet=\u00bb\u00bb module_alignment_phone=\u00bb\u00bb module_alignment_last_edited=\u00bbon|phone\u00bb global_colors_info=\u00bb{}\u00bb]\u2022 Libertad y responsabilidad[\/et_pb_text][et_pb_text _builder_version=\u00bb4.17.3&#8243; _module_preset=\u00bbdefault\u00bb text_font=\u00bbDroid Serif Clasic||||||||\u00bb text_text_color=\u00bb#366D5D\u00bb text_orientation=\u00bbjustified\u00bb width=\u00bb93%\u00bb width_tablet=\u00bb93%\u00bb width_phone=\u00bbauto\u00bb width_last_edited=\u00bbon|phone\u00bb module_alignment=\u00bbleft\u00bb custom_margin=\u00bb-7px||||false|false\u00bb custom_padding=\u00bb||||false|false\u00bb module_alignment_tablet=\u00bbleft\u00bb module_alignment_phone=\u00bbleft\u00bb module_alignment_last_edited=\u00bbon|phone\u00bb global_colors_info=\u00bb{}\u00bb]El hombre es libre para adherirse y actuar con respecto a los valores propios de la naturaleza. La libertad s\u00f3lo tiene sentido como valor orientado a la verdad cuando supone actuar con responsabilidad. La libertad y responsabilidad son dos valores inseparables.[\/et_pb_text][\/et_pb_column][et_pb_column type=\u00bb1_2&#8243; _builder_version=\u00bb4.17.3&#8243; _module_preset=\u00bbdefault\u00bb global_colors_info=\u00bb{}\u00bb][et_pb_text _builder_version=\u00bb4.17.3&#8243; _module_preset=\u00bbdefault\u00bb text_font=\u00bbDroid Serif Clasic||||||||\u00bb text_text_color=\u00bb#366D5D\u00bb text_font_size=\u00bb18px\u00bb text_line_height=\u00bb1.2em\u00bb width_tablet=\u00bb\u00bb width_phone=\u00bb\u00bb width_last_edited=\u00bbon|phone\u00bb custom_padding=\u00bb55px||1px|41px|false|false\u00bb custom_padding_tablet=\u00bb|||41px|false|false\u00bb custom_padding_phone=\u00bb|||0px|false|false\u00bb custom_padding_last_edited=\u00bbon|phone\u00bb module_alignment_tablet=\u00bb\u00bb module_alignment_phone=\u00bb\u00bb module_alignment_last_edited=\u00bbon|phone\u00bb global_colors_info=\u00bb{}\u00bb]<\/p>\n<p>\u2022 Generosidad<\/p>\n<p>[\/et_pb_text][et_pb_text _builder_version=\u00bb4.17.3&#8243; _module_preset=\u00bbdefault\u00bb text_font=\u00bbDroid Serif Clasic||||||||\u00bb text_text_color=\u00bb#366D5D\u00bb text_font_size=\u00bb13.5px\u00bb text_orientation=\u00bbjustified\u00bb width=\u00bb92%\u00bb width_tablet=\u00bb92%\u00bb width_phone=\u00bbauto\u00bb width_last_edited=\u00bbon|phone\u00bb module_alignment=\u00bbright\u00bb module_alignment_tablet=\u00bbright\u00bb module_alignment_phone=\u00bbright\u00bb module_alignment_last_edited=\u00bbon|phone\u00bb global_colors_info=\u00bb{}\u00bb]<\/p>\n<p>Un aspecto fundamental en la comprensi\u00f3n de lo que es el amor es el ejercicio de la generosidad y la entrega. Se puede ser generoso no solamente con las cosas que se dan sino con el tiempo que se tiene para otros.<\/p>\n<p>[\/et_pb_text][et_pb_text _builder_version=\u00bb4.17.3&#8243; _module_preset=\u00bbdefault\u00bb text_font=\u00bbDroid Serif Clasic||||||||\u00bb text_text_color=\u00bb#366D5D\u00bb text_font_size=\u00bb18px\u00bb text_line_height=\u00bb1.2em\u00bb width_tablet=\u00bb\u00bb width_phone=\u00bb\u00bb width_last_edited=\u00bbon|phone\u00bb custom_padding=\u00bb||1px|41px|false|false\u00bb custom_padding_tablet=\u00bb|||41px|false|false\u00bb custom_padding_phone=\u00bb|||0px|false|false\u00bb custom_padding_last_edited=\u00bbon|phone\u00bb module_alignment_tablet=\u00bb\u00bb module_alignment_phone=\u00bb\u00bb module_alignment_last_edited=\u00bbon|phone\u00bb global_colors_info=\u00bb{}\u00bb]\u2022 Autoestima[\/et_pb_text][et_pb_text _builder_version=\u00bb4.17.3&#8243; _module_preset=\u00bbdefault\u00bb text_font=\u00bbDroid Serif Clasic||||||||\u00bb text_text_color=\u00bb#366D5D\u00bb text_font_size=\u00bb13.5px\u00bb text_orientation=\u00bbjustified\u00bb width=\u00bb92%\u00bb width_tablet=\u00bb92%\u00bb width_phone=\u00bbauto\u00bb width_last_edited=\u00bbon|phone\u00bb module_alignment=\u00bbright\u00bb module_alignment_tablet=\u00bbright\u00bb module_alignment_phone=\u00bbright\u00bb module_alignment_last_edited=\u00bbon|phone\u00bb global_colors_info=\u00bb{}\u00bb]<\/p>\n<p>Es la impronta que llevamos en nuestra vida. Es la percepci\u00f3n valorativa de nuestro ser, de nuestra manera de actuar, con las caracter\u00edsticas de nuestra espiritualidad, todo lo cual conforma nuestra personalidad.<\/p>\n<p>[\/et_pb_text][et_pb_text _builder_version=\u00bb4.17.3&#8243; _module_preset=\u00bbdefault\u00bb text_font=\u00bbDroid Serif Clasic||||||||\u00bb text_text_color=\u00bb#366D5D\u00bb text_font_size=\u00bb18px\u00bb text_line_height=\u00bb1.2em\u00bb width_tablet=\u00bb\u00bb width_phone=\u00bb\u00bb width_last_edited=\u00bbon|phone\u00bb custom_padding=\u00bb||1px|41px|false|false\u00bb custom_padding_tablet=\u00bb|||41px|false|false\u00bb custom_padding_phone=\u00bb|||0px|false|false\u00bb custom_padding_last_edited=\u00bbon|phone\u00bb module_alignment_tablet=\u00bb\u00bb module_alignment_phone=\u00bb\u00bb module_alignment_last_edited=\u00bbon|phone\u00bb global_colors_info=\u00bb{}\u00bb]\u2022 Respeto[\/et_pb_text][et_pb_text _builder_version=\u00bb4.17.3&#8243; _module_preset=\u00bbdefault\u00bb text_font=\u00bbDroid Serif Clasic||||||||\u00bb text_text_color=\u00bb#366D5D\u00bb text_font_size=\u00bb13.5px\u00bb text_orientation=\u00bbjustified\u00bb width=\u00bb92%\u00bb width_tablet=\u00bb92%\u00bb width_phone=\u00bbauto\u00bb width_last_edited=\u00bbon|phone\u00bb module_alignment=\u00bbright\u00bb module_alignment_tablet=\u00bbright\u00bb module_alignment_phone=\u00bbright\u00bb module_alignment_last_edited=\u00bbon|phone\u00bb global_colors_info=\u00bb{}\u00bb]<\/p>\n<p>Es la virtud que nos hace reconocer el valor, la consideraci\u00f3n y la dign-idad que merece alguien o algo; y nos lleva a demostrarlo con nuestras<br \/>actitudes y acciones. El respeto es la virtud por la cual le reconocemos a<br \/>cada persona su lugar y la funci\u00f3n que Dios ha querido darle ante nosotros.<\/p>\n<p>[\/et_pb_text][\/et_pb_column][\/et_pb_row][\/et_pb_section]<\/p>\n","protected":false},"excerpt":{"rendered":"<p>IDEARIO INSTITUCIONALNuestra misi\u00f3n es formar ni\u00f1os, adolescentes y j\u00f3venes para que desarrollen su vida inspirada en la perfecci\u00f3n ense\u00f1ada por Cristo, aspirando siempre a metas m\u00e1s elevadas. Queremos que sean virtuosos, vivan en oraci\u00f3n y encuentren fortaleza en la Cruz y la Madre de Dios. Si fallan, deben arrepentirse y reparar sus faltas. Es fundamental [&hellip;]<\/p>\n","protected":false},"author":2,"featured_media":0,"parent":0,"menu_order":2,"comment_status":"closed","ping_status":"closed","template":"","meta":{"_et_pb_use_builder":"on","_et_pb_old_content":"<!-- wp:divi\/placeholder \/-->","_et_gb_content_width":"","footnotes":""},"class_list":["post-48","page","type-page","status-publish","hentry"],"_links":{"self":[{"href":"https:\/\/sanluisrey.uccuyo.com.ar\/es-ar\/index.php\/wp-json\/wp\/v2\/pages\/48","targetHints":{"allow":["GET"]}}],"collection":[{"href":"https:\/\/sanluisrey.uccuyo.com.ar\/es-ar\/index.php\/wp-json\/wp\/v2\/pages"}],"about":[{"href":"https:\/\/sanluisrey.uccuyo.com.ar\/es-ar\/index.php\/wp-json\/wp\/v2\/types\/page"}],"author":[{"embeddable":true,"href":"https:\/\/sanluisrey.uccuyo.com.ar\/es-ar\/index.php\/wp-json\/wp\/v2\/users\/2"}],"replies":[{"embeddable":true,"href":"https:\/\/sanluisrey.uccuyo.com.ar\/es-ar\/index.php\/wp-json\/wp\/v2\/comments?post=48"}],"version-history":[{"count":86,"href":"https:\/\/sanluisrey.uccuyo.com.ar\/es-ar\/index.php\/wp-json\/wp\/v2\/pages\/48\/revisions"}],"predecessor-version":[{"id":1972,"href":"https:\/\/sanluisrey.uccuyo.com.ar\/es-ar\/index.php\/wp-json\/wp\/v2\/pages\/48\/revisions\/1972"}],"wp:attachment":[{"href":"https:\/\/sanluisrey.uccuyo.com.ar\/es-ar\/index.php\/wp-json\/wp\/v2\/media?parent=48"}],"curies":[{"name":"wp","href":"https:\/\/api.w.org\/{rel}","templated":true}]}}